{"id":20,"date":"2015-05-03T11:26:09","date_gmt":"2015-05-03T09:26:09","guid":{"rendered":"http:\/\/uli-wieland-gs.voehringen.de\/wordpress2\/?page_id=20"},"modified":"2026-01-28T16:34:53","modified_gmt":"2026-01-28T15:34:53","slug":"home","status":"publish","type":"page","link":"https:\/\/uli-wieland-gs.voehringen.de\/","title":{"rendered":"Home"},"content":{"rendered":"<h1>Willkommen in der Uli-Wieland-Grundschule V\u00f6hringen!<\/h1>\n<p>&nbsp;<\/p>\n<p><img loading=\"lazy\" decoding=\"async\" class=\"aligncenter wp-image-3231\" src=\"http:\/\/uli-wieland-gs.voehringen.de\/wordpress2\/wp-content\/uploads\/2019\/08\/Startbild_Schule_Homepage_ohne_herzlich_willkommen-1024x746.png\" alt=\"\" width=\"800\" height=\"583\" srcset=\"https:\/\/uli-wieland-gs.voehringen.de\/wordpress2\/wp-content\/uploads\/2019\/08\/Startbild_Schule_Homepage_ohne_herzlich_willkommen-1024x746.png 1024w, https:\/\/uli-wieland-gs.voehringen.de\/wordpress2\/wp-content\/uploads\/2019\/08\/Startbild_Schule_Homepage_ohne_herzlich_willkommen-300x218.png 300w, https:\/\/uli-wieland-gs.voehringen.de\/wordpress2\/wp-content\/uploads\/2019\/08\/Startbild_Schule_Homepage_ohne_herzlich_willkommen-768x559.png 768w, https:\/\/uli-wieland-gs.voehringen.de\/wordpress2\/wp-content\/uploads\/2019\/08\/Startbild_Schule_Homepage_ohne_herzlich_willkommen.png 1185w\" sizes=\"auto, (max-width: 800px) 100vw, 800px\" \/><\/p>\n<p>An unserer Grundschule werden im Schuljahr 2025\/26 rund 270 Sch\u00fcler und Sch\u00fclerinnen unterrichtet. Die Jahrgangsstufen 1 bis 4 sind dreiz\u00fcgig.<\/p>\n<p>Wir bieten neben den Regelklassen gebundene Ganztagsklassen in den Jahrgangsstufen 1, 2 , 3 und 4. Die Sch\u00fclerinnen und Sch\u00fcler des Ganztagszuges werden von Montag bis Donnerstag von 8.00 Uhr bis 15.30 Uhr und am Freitag von 8.00 Uhr bis 11.20 Uhr (bzw. Jahrgangsstufe 3 und 4 bis 12.15 Uhr) unterrichtet. Dabei wechseln sich Unterrichtsphasen, Spiel- und Freizeitphasen, Neigungsunterricht (durch p\u00e4dagogisch qualifiziertes Personal, Kooperation mit dem Akkordeonklub, Schachclub, Bl\u00e4serschule etc.) und Lernzeiten (geleitet durch Lehrkr\u00e4fte) ab. So erhalten die Kinder eine individuelle und vielseitige Bildung. Durch die Kooperation mit dem Hort St. Michael ist eine Betreuung vor und nach dem Ganztagsunterricht und in den Ferien m\u00f6glich.<\/p>\n<p>N\u00e4here Informationen zur gebundenen Ganztagsschule werden bei Elternabenden bekannt gegeben. Anfragen werden jederzeit im Sekretariat beantwortet.<\/p>\n<h1>Unser Leitbild:<\/h1>\n<p>Zur Ansicht des Leitbildes bitte hier klicken: <a href=\"http:\/\/uli-wieland-gs.voehringen.de\/wordpress2\/wp-content\/uploads\/2019\/08\/Uli_Wieland_Grundschule_Leitbild_A3_Druck.pdf\">Klick<\/a><\/p>\n<h1>Das zeichnet uns aus:<\/h1>\n<ul>\n<li>kleine Klassen<\/li>\n<li>gute Differenzierungsm\u00f6glichkeiten in s\u00e4mtlichen Klassenstufen (Schwerpunkt: Deutschf\u00f6rderung)<\/li>\n<li>gebundener Ganztagszug mit vielf\u00e4ltigem, individuellem Bildungsprogramm<\/li>\n<li>Kooperationen mit den Kinderg\u00e4rten und mit den aufbauenden umliegenden Schularten<\/li>\n<li>naturwissenschaftliches und wirtschaftliches Arbeiten durch die Wissensfabrik in den Jahrgangsstufen 3 und 4 (Projekte in Zusammenarbeit mit verschiedenen Firmen)<\/li>\n<li>enge Zusammenarbeit mit den \u00f6rtlichen Vereinen (Sportverein, Gartenbauverein, Musikverein, Fischereiverein)<\/li>\n<li>gesicherte verl\u00e4ngerte Mittagsbetreuung bis 15.30 Uhr im Schulhaus<\/li>\n<li>enge Zusammenarbeit mit dem Hort St. Michael (angrenzend an das Schulhaus)<\/li>\n<\/ul>\n<p>&nbsp;<\/p>\n<h1><strong>Das ist uns wichtig:<\/strong><\/h1>\n<h2>Vielseitige Bildung aller Sch\u00fcler<\/h2>\n<p>Durch unsere naturwissenschaftlichen, musischen und sportlichen Aktionen und Projekte wollen wir den Sch\u00fclern je nach ihren Begabungen gerecht werden.<\/p>\n<p>Schwerpunkt unseres Profils ist die Deutschf\u00f6rderung: &#8222;Wir sind eine Leseschule! &#8220;<\/p>\n<ul>\n<li>Lesepatenschaften mit der Mittelschule V\u00f6hringen<\/li>\n<li>Projektwochen zum Thema &#8220; Lesen&#8220; (im zweij\u00e4hrigenTurnus)<\/li>\n<li>Lesung mit Kinderbuchautoren<\/li>\n<li>B\u00fccherflohm\u00e4rkte (j\u00e4hrlich)<\/li>\n<li>Lesewettbewerbe<\/li>\n<li>Vorlesetage in der Stadtb\u00fccherei V\u00f6hringen &#8230;<\/li>\n<\/ul>\n<p>&nbsp;<\/p>\n<h2>Erziehung zur sozialen Selbstst\u00e4ndigkeit<\/h2>\n<h2>Unsere Regeln:<\/h2>\n<p>Zur Ansicht der Regeln bitte hier klicken: <a href=\"http:\/\/uli-wieland-gs.voehringen.de\/wordpress2\/wp-content\/uploads\/2019\/08\/neue-Schulhausregeln-2019.pdf\">Klick<\/a> oder <a href=\"http:\/\/uli-wieland-gs.voehringen.de\/uploads\/images\/P1030583.jpg\">Klick<\/a><\/p>\n","protected":false},"excerpt":{"rendered":"<p>Willkommen in der Uli-Wieland-Grundschule V\u00f6hringen! &nbsp; An unserer Grundschule werden im Schuljahr 2025\/26 rund 270 Sch\u00fcler und Sch\u00fclerinnen unterrichtet. Die Jahrgangsstufen 1 bis 4 sind dreiz\u00fcgig. Wir bieten neben den Regelklassen gebundene Ganztagsklassen in den Jahrgangsstufen 1, 2 , 3 und 4. Die Sch\u00fclerinnen und Sch\u00fcler des Ganztagszuges werden von Montag bis Donnerstag von 8.00 &#8230; <a title=\"Home\" class=\"read-more\" href=\"https:\/\/uli-wieland-gs.voehringen.de\/\" aria-label=\"Mehr Informationen \u00fcber Home\">Weiterlesen &#8230;<\/a><\/p>\n","protected":false},"author":1,"featured_media":0,"parent":0,"menu_order":0,"comment_status":"closed","ping_status":"closed","template":"","meta":{"ngg_post_thumbnail":0,"footnotes":""},"class_list":["post-20","page","type-page","status-publish"],"_links":{"self":[{"href":"https:\/\/uli-wieland-gs.voehringen.de\/index.php?rest_route=\/wp\/v2\/pages\/20","targetHints":{"allow":["GET"]}}],"collection":[{"href":"https:\/\/uli-wieland-gs.voehringen.de\/index.php?rest_route=\/wp\/v2\/pages"}],"about":[{"href":"https:\/\/uli-wieland-gs.voehringen.de\/index.php?rest_route=\/wp\/v2\/types\/page"}],"author":[{"embeddable":true,"href":"https:\/\/uli-wieland-gs.voehringen.de\/index.php?rest_route=\/wp\/v2\/users\/1"}],"replies":[{"embeddable":true,"href":"https:\/\/uli-wieland-gs.voehringen.de\/index.php?rest_route=%2Fwp%2Fv2%2Fcomments&post=20"}],"version-history":[{"count":26,"href":"https:\/\/uli-wieland-gs.voehringen.de\/index.php?rest_route=\/wp\/v2\/pages\/20\/revisions"}],"predecessor-version":[{"id":5188,"href":"https:\/\/uli-wieland-gs.voehringen.de\/index.php?rest_route=\/wp\/v2\/pages\/20\/revisions\/5188"}],"wp:attachment":[{"href":"https:\/\/uli-wieland-gs.voehringen.de\/index.php?rest_route=%2Fwp%2Fv2%2Fmedia&parent=20"}],"curies":[{"name":"wp","href":"https:\/\/api.w.org\/{rel}","templated":true}]}}