{"id":1692,"date":"2017-01-14T15:12:28","date_gmt":"2017-01-14T14:12:28","guid":{"rendered":"http:\/\/uli-wieland-gs.voehringen.de\/?page_id=1692"},"modified":"2026-01-28T16:29:12","modified_gmt":"2026-01-28T15:29:12","slug":"elternbeirat","status":"publish","type":"page","link":"https:\/\/uli-wieland-gs.voehringen.de\/?page_id=1692","title":{"rendered":"Elternbeirat"},"content":{"rendered":"\n<h2 class=\"wp-block-heading has-text-align-center\">Elternbeirat 2025\/26<\/h2>\n\n\n<div class=\"wp-block-image\">\n<figure class=\"aligncenter size-full is-resized\"><a href=\"https:\/\/uli-wieland-gs.voehringen.de\/wordpress2\/wp-content\/uploads\/2026\/01\/image.png\"><img loading=\"lazy\" decoding=\"async\" width=\"1007\" height=\"673\" src=\"https:\/\/uli-wieland-gs.voehringen.de\/wordpress2\/wp-content\/uploads\/2026\/01\/image.png\" alt=\"\" class=\"wp-image-5185\" style=\"width:687px;height:auto\" srcset=\"https:\/\/uli-wieland-gs.voehringen.de\/wordpress2\/wp-content\/uploads\/2026\/01\/image.png 1007w, https:\/\/uli-wieland-gs.voehringen.de\/wordpress2\/wp-content\/uploads\/2026\/01\/image-300x200.png 300w, https:\/\/uli-wieland-gs.voehringen.de\/wordpress2\/wp-content\/uploads\/2026\/01\/image-768x513.png 768w\" sizes=\"auto, (max-width: 1007px) 100vw, 1007px\" \/><\/a><\/figure>\n<\/div>\n\n\n<p class=\"has-text-align-left\">v.l.n.r.: Tanja Frank, Christoph Schmid, Lisa Lubarda, Carola Schweizer, Vanessa Kn\u00f6dler, Sabrina Richter, Nadine Baumann, <br>Bianca Liedtke, Manel Troll, Mirijam Schmidt, Marina M\u00f6ller, Katharina Kress<\/p>\n\n\n\n<p>1. Elternbeiratsvorsitzende: Manel Troll<br>2. Elternbeiratsvorsitzende: Lisa Lubarda<\/p>\n\n\n\n<p>Sie m\u00f6chten dem Elternbeirat ein Anliegen schildern? Haben Sie Fragen an den Elternbeirat?<br>Dann schreiben Sie unseren beiden Vorsitzenden eine Nachricht \u00fcber den &#8222;Schulmanager Online&#8220;.<\/p>\n\n\n\n<p><\/p>\n","protected":false},"excerpt":{"rendered":"<p>Elternbeirat 2025\/26 v.l.n.r.: Tanja Frank, Christoph Schmid, Lisa Lubarda, Carola Schweizer, Vanessa Kn\u00f6dler, Sabrina Richter, Nadine Baumann, Bianca Liedtke, Manel Troll, Mirijam Schmidt, Marina M\u00f6ller, Katharina Kress 1. Elternbeiratsvorsitzende: Manel Troll2. Elternbeiratsvorsitzende: Lisa Lubarda Sie m\u00f6chten dem Elternbeirat ein Anliegen schildern? Haben Sie Fragen an den Elternbeirat?Dann schreiben Sie unseren beiden Vorsitzenden eine Nachricht \u00fcber &#8230; <a title=\"Elternbeirat\" class=\"read-more\" href=\"https:\/\/uli-wieland-gs.voehringen.de\/?page_id=1692\" aria-label=\"Mehr Informationen \u00fcber Elternbeirat\">Weiterlesen &#8230;<\/a><\/p>\n","protected":false},"author":1,"featured_media":0,"parent":29,"menu_order":0,"comment_status":"closed","ping_status":"closed","template":"","meta":{"ngg_post_thumbnail":0,"footnotes":""},"class_list":["post-1692","page","type-page","status-publish"],"_links":{"self":[{"href":"https:\/\/uli-wieland-gs.voehringen.de\/index.php?rest_route=\/wp\/v2\/pages\/1692","targetHints":{"allow":["GET"]}}],"collection":[{"href":"https:\/\/uli-wieland-gs.voehringen.de\/index.php?rest_route=\/wp\/v2\/pages"}],"about":[{"href":"https:\/\/uli-wieland-gs.voehringen.de\/index.php?rest_route=\/wp\/v2\/types\/page"}],"author":[{"embeddable":true,"href":"https:\/\/uli-wieland-gs.voehringen.de\/index.php?rest_route=\/wp\/v2\/users\/1"}],"replies":[{"embeddable":true,"href":"https:\/\/uli-wieland-gs.voehringen.de\/index.php?rest_route=%2Fwp%2Fv2%2Fcomments&post=1692"}],"version-history":[{"count":19,"href":"https:\/\/uli-wieland-gs.voehringen.de\/index.php?rest_route=\/wp\/v2\/pages\/1692\/revisions"}],"predecessor-version":[{"id":5186,"href":"https:\/\/uli-wieland-gs.voehringen.de\/index.php?rest_route=\/wp\/v2\/pages\/1692\/revisions\/5186"}],"up":[{"embeddable":true,"href":"https:\/\/uli-wieland-gs.voehringen.de\/index.php?rest_route=\/wp\/v2\/pages\/29"}],"wp:attachment":[{"href":"https:\/\/uli-wieland-gs.voehringen.de\/index.php?rest_route=%2Fwp%2Fv2%2Fmedia&parent=1692"}],"curies":[{"name":"wp","href":"https:\/\/api.w.org\/{rel}","templated":true}]}}